{"id":106,"date":"2024-12-04T10:04:12","date_gmt":"2024-12-04T10:04:12","guid":{"rendered":"https:\/\/altitudo.com.br\/store\/?post_type=product&#038;p=106"},"modified":"2024-12-13T14:34:43","modified_gmt":"2024-12-13T14:34:43","slug":"conversor-de-voz-analogico-grandstream-gxw4104-106","status":"publish","type":"product","link":"https:\/\/altitudo.com.br\/store\/produto\/conversor-de-voz-analogico-grandstream-gxw4104-106\/","title":{"rendered":"Conversor de voz anal\u00f3gico Grandstream GXW4104"},"content":{"rendered":"","protected":false},"excerpt":{"rendered":"<p>Esses gateways FXO oferecem a capacidade de conectar perfeitamente v\u00e1rios locais e todos os dispositivos dentro de um escrit\u00f3rio a qualquer rede IP PBX hospedada ou local para tornar as implanta\u00e7\u00f5es o mais f\u00e1ceis poss\u00edvel. A s\u00e9rie GXW410x inclui portas FXO de 4\/8 portas, 2 portas de 10\/100 Mbps e suporta v\u00eddeo SIP.<\/p>\n","protected":false},"featured_media":619,"comment_status":"open","ping_status":"closed","template":"","meta":[],"product_brand":[],"product_cat":[30,135,132,149],"product_tag":[138,136,150,151],"class_list":{"0":"post-106","1":"product","2":"type-product","3":"status-publish","4":"has-post-thumbnail","6":"product_cat-conectividade","7":"product_cat-gateway","8":"product_cat-grandstream","9":"product_cat-telefonia-ip","10":"product_tag-conectividade","11":"product_tag-gateway","12":"product_tag-grandstream","13":"product_tag-telefonia-ip","15":"first","16":"instock","17":"featured","18":"purchasable","19":"product-type-simple"},"_links":{"self":[{"href":"https:\/\/altitudo.com.br\/store\/wp-json\/wp\/v2\/product\/106","targetHints":{"allow":["GET"]}}],"collection":[{"href":"https:\/\/altitudo.com.br\/store\/wp-json\/wp\/v2\/product"}],"about":[{"href":"https:\/\/altitudo.com.br\/store\/wp-json\/wp\/v2\/types\/product"}],"replies":[{"embeddable":true,"href":"https:\/\/altitudo.com.br\/store\/wp-json\/wp\/v2\/comments?post=106"}],"wp:featuredmedia":[{"embeddable":true,"href":"https:\/\/altitudo.com.br\/store\/wp-json\/wp\/v2\/media\/619"}],"wp:attachment":[{"href":"https:\/\/altitudo.com.br\/store\/wp-json\/wp\/v2\/media?parent=106"}],"wp:term":[{"taxonomy":"product_brand","embeddable":true,"href":"https:\/\/altitudo.com.br\/store\/wp-json\/wp\/v2\/product_brand?post=106"},{"taxonomy":"product_cat","embeddable":true,"href":"https:\/\/altitudo.com.br\/store\/wp-json\/wp\/v2\/product_cat?post=106"},{"taxonomy":"product_tag","embeddable":true,"href":"https:\/\/altitudo.com.br\/store\/wp-json\/wp\/v2\/product_tag?post=106"}],"curies":[{"name":"wp","href":"https:\/\/api.w.org\/{rel}","templated":true}]}}