{"id":110,"date":"2024-12-04T09:33:53","date_gmt":"2024-12-04T09:33:53","guid":{"rendered":"https:\/\/altitudo.com.br\/store\/?post_type=product&#038;p=110"},"modified":"2024-12-13T14:34:57","modified_gmt":"2024-12-13T14:34:57","slug":"conversor-de-voz-analogico-grandstream-gxw4248","status":"publish","type":"product","link":"https:\/\/altitudo.com.br\/store\/produto\/conversor-de-voz-analogico-grandstream-gxw4248\/","title":{"rendered":"Conversor de voz Grandstream GXW4248"},"content":{"rendered":"","protected":false},"excerpt":{"rendered":"<p>A s\u00e9rie de gateways FXS de alta densidade GXW4200 v2 permite que empresas de todos os tamanhos criem um sistema de telefonia IP e anal\u00f3gico h\u00edbrido e econ\u00f4mico que oferece os benef\u00edcios das comunica\u00e7\u00f5es VoIP e aproveita as velocidades Gigabit<\/p>\n","protected":false},"featured_media":608,"comment_status":"open","ping_status":"closed","template":"","meta":[],"product_brand":[],"product_cat":[30,135,132,149],"product_tag":[138,150,151],"class_list":{"0":"post-110","1":"product","2":"type-product","3":"status-publish","4":"has-post-thumbnail","6":"product_cat-conectividade","7":"product_cat-gateway","8":"product_cat-grandstream","9":"product_cat-telefonia-ip","10":"product_tag-conectividade","11":"product_tag-grandstream","12":"product_tag-telefonia-ip","14":"first","15":"instock","16":"featured","17":"purchasable","18":"product-type-simple"},"_links":{"self":[{"href":"https:\/\/altitudo.com.br\/store\/wp-json\/wp\/v2\/product\/110","targetHints":{"allow":["GET"]}}],"collection":[{"href":"https:\/\/altitudo.com.br\/store\/wp-json\/wp\/v2\/product"}],"about":[{"href":"https:\/\/altitudo.com.br\/store\/wp-json\/wp\/v2\/types\/product"}],"replies":[{"embeddable":true,"href":"https:\/\/altitudo.com.br\/store\/wp-json\/wp\/v2\/comments?post=110"}],"wp:featuredmedia":[{"embeddable":true,"href":"https:\/\/altitudo.com.br\/store\/wp-json\/wp\/v2\/media\/608"}],"wp:attachment":[{"href":"https:\/\/altitudo.com.br\/store\/wp-json\/wp\/v2\/media?parent=110"}],"wp:term":[{"taxonomy":"product_brand","embeddable":true,"href":"https:\/\/altitudo.com.br\/store\/wp-json\/wp\/v2\/product_brand?post=110"},{"taxonomy":"product_cat","embeddable":true,"href":"https:\/\/altitudo.com.br\/store\/wp-json\/wp\/v2\/product_cat?post=110"},{"taxonomy":"product_tag","embeddable":true,"href":"https:\/\/altitudo.com.br\/store\/wp-json\/wp\/v2\/product_tag?post=110"}],"curies":[{"name":"wp","href":"https:\/\/api.w.org\/{rel}","templated":true}]}}