{"id":117,"date":"2024-12-04T09:01:47","date_gmt":"2024-12-04T09:01:47","guid":{"rendered":"https:\/\/altitudo.com.br\/store\/?post_type=product&#038;p=117"},"modified":"2024-12-13T14:35:22","modified_gmt":"2024-12-13T14:35:22","slug":"telefone-ip-grandstream-wi-fi-wp825-117","status":"publish","type":"product","link":"https:\/\/altitudo.com.br\/store\/produto\/telefone-ip-grandstream-wi-fi-wp825-117\/","title":{"rendered":"Telefone IP Grandstream Wi-Fi WP825"},"content":{"rendered":"","protected":false},"excerpt":{"rendered":"<p>O WP825 inclui design de antena avan\u00e7ado e suporte de roaming. Ao adicionar tempo de conversa\u00e7\u00e3o de 8 horas e voz HD com dois microfones, o WP825 oferece uma op\u00e7\u00e3o acess\u00edvel e vem equipado com uma combina\u00e7\u00e3o de recursos, mobilidade e durabilidade para atender a todas as necessidades de telefonia port\u00e1til.<\/p>\n","protected":false},"featured_media":600,"comment_status":"open","ping_status":"closed","template":"","meta":[],"product_brand":[],"product_cat":[30,132,149],"product_tag":[138,150,151],"class_list":{"0":"post-117","1":"product","2":"type-product","3":"status-publish","4":"has-post-thumbnail","6":"product_cat-conectividade","7":"product_cat-grandstream","8":"product_cat-telefonia-ip","9":"product_tag-conectividade","10":"product_tag-grandstream","11":"product_tag-telefonia-ip","13":"first","14":"instock","15":"featured","16":"purchasable","17":"product-type-simple"},"_links":{"self":[{"href":"https:\/\/altitudo.com.br\/store\/wp-json\/wp\/v2\/product\/117","targetHints":{"allow":["GET"]}}],"collection":[{"href":"https:\/\/altitudo.com.br\/store\/wp-json\/wp\/v2\/product"}],"about":[{"href":"https:\/\/altitudo.com.br\/store\/wp-json\/wp\/v2\/types\/product"}],"replies":[{"embeddable":true,"href":"https:\/\/altitudo.com.br\/store\/wp-json\/wp\/v2\/comments?post=117"}],"wp:featuredmedia":[{"embeddable":true,"href":"https:\/\/altitudo.com.br\/store\/wp-json\/wp\/v2\/media\/600"}],"wp:attachment":[{"href":"https:\/\/altitudo.com.br\/store\/wp-json\/wp\/v2\/media?parent=117"}],"wp:term":[{"taxonomy":"product_brand","embeddable":true,"href":"https:\/\/altitudo.com.br\/store\/wp-json\/wp\/v2\/product_brand?post=117"},{"taxonomy":"product_cat","embeddable":true,"href":"https:\/\/altitudo.com.br\/store\/wp-json\/wp\/v2\/product_cat?post=117"},{"taxonomy":"product_tag","embeddable":true,"href":"https:\/\/altitudo.com.br\/store\/wp-json\/wp\/v2\/product_tag?post=117"}],"curies":[{"name":"wp","href":"https:\/\/api.w.org\/{rel}","templated":true}]}}