{"id":123,"date":"2024-12-03T13:28:15","date_gmt":"2024-12-03T13:28:15","guid":{"rendered":"https:\/\/altitudo.com.br\/store\/?post_type=product&#038;p=123"},"modified":"2024-12-13T14:37:34","modified_gmt":"2024-12-13T14:37:34","slug":"nobreak-huawei-dp-data-ups2000h-6kva","status":"publish","type":"product","link":"https:\/\/altitudo.com.br\/store\/produto\/nobreak-huawei-dp-data-ups2000h-6kva\/","title":{"rendered":"Nobreak Huawei DP Data UPS2000H 6kVA"},"content":{"rendered":"","protected":false},"excerpt":{"rendered":"<p>O UPS2000-G \u00e9 uma solu\u00e7\u00e3o de fornecimento de energia para micro data centers e cen\u00e1rios cr\u00edticos de fornecimento de energia. \u00c9 um sistema de dupla convers\u00e3o on-line que fornece energia CA ininterrupta e de alta qualidade com seguran\u00e7a e pode ser montado em torre ou em rack.<\/p>\n","protected":false},"featured_media":582,"comment_status":"open","ping_status":"closed","template":"","meta":[],"product_brand":[],"product_cat":[133,103],"product_tag":[148,134,144],"class_list":{"0":"post-123","1":"product","2":"type-product","3":"status-publish","4":"has-post-thumbnail","6":"product_cat-huawei","7":"product_cat-nobreak","8":"product_tag-data-center","9":"product_tag-huawei","10":"product_tag-nobreak","12":"first","13":"instock","14":"featured","15":"purchasable","16":"product-type-simple"},"_links":{"self":[{"href":"https:\/\/altitudo.com.br\/store\/wp-json\/wp\/v2\/product\/123","targetHints":{"allow":["GET"]}}],"collection":[{"href":"https:\/\/altitudo.com.br\/store\/wp-json\/wp\/v2\/product"}],"about":[{"href":"https:\/\/altitudo.com.br\/store\/wp-json\/wp\/v2\/types\/product"}],"replies":[{"embeddable":true,"href":"https:\/\/altitudo.com.br\/store\/wp-json\/wp\/v2\/comments?post=123"}],"wp:featuredmedia":[{"embeddable":true,"href":"https:\/\/altitudo.com.br\/store\/wp-json\/wp\/v2\/media\/582"}],"wp:attachment":[{"href":"https:\/\/altitudo.com.br\/store\/wp-json\/wp\/v2\/media?parent=123"}],"wp:term":[{"taxonomy":"product_brand","embeddable":true,"href":"https:\/\/altitudo.com.br\/store\/wp-json\/wp\/v2\/product_brand?post=123"},{"taxonomy":"product_cat","embeddable":true,"href":"https:\/\/altitudo.com.br\/store\/wp-json\/wp\/v2\/product_cat?post=123"},{"taxonomy":"product_tag","embeddable":true,"href":"https:\/\/altitudo.com.br\/store\/wp-json\/wp\/v2\/product_tag?post=123"}],"curies":[{"name":"wp","href":"https:\/\/api.w.org\/{rel}","templated":true}]}}