{"id":127,"date":"2022-08-16T13:56:07","date_gmt":"2022-08-16T13:56:07","guid":{"rendered":"https:\/\/altitudo.com.br\/store\/?post_type=product&#038;p=127"},"modified":"2024-12-13T14:38:21","modified_gmt":"2024-12-13T14:38:21","slug":"nobreak-huawei-dp-data-ups2000g-20kva","status":"publish","type":"product","link":"https:\/\/altitudo.com.br\/store\/produto\/nobreak-huawei-dp-data-ups2000g-20kva\/","title":{"rendered":"Nobreak Huawei DP Data UPS2000G 20kVA"},"content":{"rendered":"","protected":false},"excerpt":{"rendered":"<p>O UPS2000-G \u00e9 uma solu\u00e7\u00e3o de fonte de alimenta\u00e7\u00e3o para micro data centers e cen\u00e1rios cr\u00edticos de fonte de alimenta\u00e7\u00e3o. \u00c9 um sistema on-line dupla convers\u00e3o que fornece, com seguran\u00e7a, alimenta\u00e7\u00e3o CA ininterrupta e de alta qualidade e pode ser montado em torre ou rack.<\/p>\n","protected":false},"featured_media":577,"comment_status":"open","ping_status":"closed","template":"","meta":[],"product_brand":[],"product_cat":[133,103],"product_tag":[148,144],"class_list":{"0":"post-127","1":"product","2":"type-product","3":"status-publish","4":"has-post-thumbnail","6":"product_cat-huawei","7":"product_cat-nobreak","8":"product_tag-data-center","9":"product_tag-nobreak","11":"first","12":"instock","13":"featured","14":"purchasable","15":"product-type-simple"},"_links":{"self":[{"href":"https:\/\/altitudo.com.br\/store\/wp-json\/wp\/v2\/product\/127","targetHints":{"allow":["GET"]}}],"collection":[{"href":"https:\/\/altitudo.com.br\/store\/wp-json\/wp\/v2\/product"}],"about":[{"href":"https:\/\/altitudo.com.br\/store\/wp-json\/wp\/v2\/types\/product"}],"replies":[{"embeddable":true,"href":"https:\/\/altitudo.com.br\/store\/wp-json\/wp\/v2\/comments?post=127"}],"wp:featuredmedia":[{"embeddable":true,"href":"https:\/\/altitudo.com.br\/store\/wp-json\/wp\/v2\/media\/577"}],"wp:attachment":[{"href":"https:\/\/altitudo.com.br\/store\/wp-json\/wp\/v2\/media?parent=127"}],"wp:term":[{"taxonomy":"product_brand","embeddable":true,"href":"https:\/\/altitudo.com.br\/store\/wp-json\/wp\/v2\/product_brand?post=127"},{"taxonomy":"product_cat","embeddable":true,"href":"https:\/\/altitudo.com.br\/store\/wp-json\/wp\/v2\/product_cat?post=127"},{"taxonomy":"product_tag","embeddable":true,"href":"https:\/\/altitudo.com.br\/store\/wp-json\/wp\/v2\/product_tag?post=127"}],"curies":[{"name":"wp","href":"https:\/\/api.w.org\/{rel}","templated":true}]}}