{"id":131,"date":"2024-12-03T13:56:25","date_gmt":"2024-12-03T13:56:25","guid":{"rendered":"https:\/\/altitudo.com.br\/store\/?post_type=product&#038;p=131"},"modified":"2024-12-13T14:37:22","modified_gmt":"2024-12-13T14:37:22","slug":"switch-huawei-ekit-s310-48t4s","status":"publish","type":"product","link":"https:\/\/altitudo.com.br\/store\/produto\/switch-huawei-ekit-s310-48t4s\/","title":{"rendered":"Switch Huawei eKit S310-48T4S"},"content":{"rendered":"","protected":false},"excerpt":{"rendered":"<p>Switch L2+ gerenci\u00e1vel da Huawei que fornece 48 portas de downlink 1GE e 4 portas uplink SFP. Ideal para cen\u00e1rios onde h\u00e1 a necessidade de gerenciamento e possui alta densidade de dispositivos.<\/p>\n","protected":false},"featured_media":563,"comment_status":"open","ping_status":"closed","template":"","meta":[],"product_brand":[],"product_cat":[30,133,106],"product_tag":[138,134,141],"class_list":{"0":"post-131","1":"product","2":"type-product","3":"status-publish","4":"has-post-thumbnail","6":"product_cat-conectividade","7":"product_cat-huawei","8":"product_cat-switch","9":"product_tag-conectividade","10":"product_tag-huawei","11":"product_tag-switch","13":"first","14":"instock","15":"featured","16":"purchasable","17":"product-type-simple"},"_links":{"self":[{"href":"https:\/\/altitudo.com.br\/store\/wp-json\/wp\/v2\/product\/131","targetHints":{"allow":["GET"]}}],"collection":[{"href":"https:\/\/altitudo.com.br\/store\/wp-json\/wp\/v2\/product"}],"about":[{"href":"https:\/\/altitudo.com.br\/store\/wp-json\/wp\/v2\/types\/product"}],"replies":[{"embeddable":true,"href":"https:\/\/altitudo.com.br\/store\/wp-json\/wp\/v2\/comments?post=131"}],"wp:featuredmedia":[{"embeddable":true,"href":"https:\/\/altitudo.com.br\/store\/wp-json\/wp\/v2\/media\/563"}],"wp:attachment":[{"href":"https:\/\/altitudo.com.br\/store\/wp-json\/wp\/v2\/media?parent=131"}],"wp:term":[{"taxonomy":"product_brand","embeddable":true,"href":"https:\/\/altitudo.com.br\/store\/wp-json\/wp\/v2\/product_brand?post=131"},{"taxonomy":"product_cat","embeddable":true,"href":"https:\/\/altitudo.com.br\/store\/wp-json\/wp\/v2\/product_cat?post=131"},{"taxonomy":"product_tag","embeddable":true,"href":"https:\/\/altitudo.com.br\/store\/wp-json\/wp\/v2\/product_tag?post=131"}],"curies":[{"name":"wp","href":"https:\/\/api.w.org\/{rel}","templated":true}]}}