{"id":138,"date":"2024-12-03T13:59:22","date_gmt":"2024-12-03T13:59:22","guid":{"rendered":"https:\/\/altitudo.com.br\/store\/?post_type=product&#038;p=138"},"modified":"2024-12-13T14:37:10","modified_gmt":"2024-12-13T14:37:10","slug":"switch-huawei-ekit-s110-24t2sr-138","status":"publish","type":"product","link":"https:\/\/altitudo.com.br\/store\/produto\/switch-huawei-ekit-s110-24t2sr-138\/","title":{"rendered":"Switch Huawei eKit S110-24T2SR"},"content":{"rendered":"","protected":false},"excerpt":{"rendered":"<p>Switch n\u00e3o gerenci\u00e1vel da Huawei que fornece 24 portas de downlink 1GE e 2 portas uplink SFP. Ideal para cen\u00e1rios de acesso onde h\u00e1 alta densidade de dispositivos.<\/p>\n","protected":false},"featured_media":545,"comment_status":"open","ping_status":"closed","template":"","meta":[],"product_brand":[],"product_cat":[30,133,106],"product_tag":[138,134,137,141],"class_list":{"0":"post-138","1":"product","2":"type-product","3":"status-publish","4":"has-post-thumbnail","6":"product_cat-conectividade","7":"product_cat-huawei","8":"product_cat-switch","9":"product_tag-conectividade","10":"product_tag-huawei","11":"product_tag-microsoft","12":"product_tag-switch","14":"first","15":"instock","16":"featured","17":"purchasable","18":"product-type-simple"},"_links":{"self":[{"href":"https:\/\/altitudo.com.br\/store\/wp-json\/wp\/v2\/product\/138","targetHints":{"allow":["GET"]}}],"collection":[{"href":"https:\/\/altitudo.com.br\/store\/wp-json\/wp\/v2\/product"}],"about":[{"href":"https:\/\/altitudo.com.br\/store\/wp-json\/wp\/v2\/types\/product"}],"replies":[{"embeddable":true,"href":"https:\/\/altitudo.com.br\/store\/wp-json\/wp\/v2\/comments?post=138"}],"wp:featuredmedia":[{"embeddable":true,"href":"https:\/\/altitudo.com.br\/store\/wp-json\/wp\/v2\/media\/545"}],"wp:attachment":[{"href":"https:\/\/altitudo.com.br\/store\/wp-json\/wp\/v2\/media?parent=138"}],"wp:term":[{"taxonomy":"product_brand","embeddable":true,"href":"https:\/\/altitudo.com.br\/store\/wp-json\/wp\/v2\/product_brand?post=138"},{"taxonomy":"product_cat","embeddable":true,"href":"https:\/\/altitudo.com.br\/store\/wp-json\/wp\/v2\/product_cat?post=138"},{"taxonomy":"product_tag","embeddable":true,"href":"https:\/\/altitudo.com.br\/store\/wp-json\/wp\/v2\/product_tag?post=138"}],"curies":[{"name":"wp","href":"https:\/\/api.w.org\/{rel}","templated":true}]}}