{"id":145,"date":"2022-08-16T14:09:23","date_gmt":"2022-08-16T14:09:23","guid":{"rendered":"https:\/\/altitudo.com.br\/store\/?post_type=product&#038;p=145"},"modified":"2024-12-13T14:38:10","modified_gmt":"2024-12-13T14:38:10","slug":"switch-huawei-ekit-s110-24lp2sr","status":"publish","type":"product","link":"https:\/\/altitudo.com.br\/store\/produto\/switch-huawei-ekit-s110-24lp2sr\/","title":{"rendered":"Switch Huawei eKit S110-24LP2SR"},"content":{"rendered":"","protected":false},"excerpt":{"rendered":"<p>Switch n\u00e3o gerenci\u00e1vel da Huawei que fornece 24 portas de downlink 1GE com PoE+ (124W) e 2 portas uplink SFP. Ideal para cen\u00e1rios onde h\u00e1 alta densidade de c\u00e2meras, access points e outros dispositivos PoE.<\/p>\n","protected":false},"featured_media":535,"comment_status":"open","ping_status":"closed","template":"","meta":[],"product_brand":[],"product_cat":[133,106,30],"product_tag":[142,138,134,141],"class_list":{"0":"post-145","1":"product","2":"type-product","3":"status-publish","4":"has-post-thumbnail","6":"product_cat-huawei","7":"product_cat-switch","8":"product_cat-conectividade","9":"product_tag-computadores","10":"product_tag-conectividade","11":"product_tag-huawei","12":"product_tag-switch","14":"first","15":"instock","16":"featured","17":"purchasable","18":"product-type-simple"},"_links":{"self":[{"href":"https:\/\/altitudo.com.br\/store\/wp-json\/wp\/v2\/product\/145","targetHints":{"allow":["GET"]}}],"collection":[{"href":"https:\/\/altitudo.com.br\/store\/wp-json\/wp\/v2\/product"}],"about":[{"href":"https:\/\/altitudo.com.br\/store\/wp-json\/wp\/v2\/types\/product"}],"replies":[{"embeddable":true,"href":"https:\/\/altitudo.com.br\/store\/wp-json\/wp\/v2\/comments?post=145"}],"wp:featuredmedia":[{"embeddable":true,"href":"https:\/\/altitudo.com.br\/store\/wp-json\/wp\/v2\/media\/535"}],"wp:attachment":[{"href":"https:\/\/altitudo.com.br\/store\/wp-json\/wp\/v2\/media?parent=145"}],"wp:term":[{"taxonomy":"product_brand","embeddable":true,"href":"https:\/\/altitudo.com.br\/store\/wp-json\/wp\/v2\/product_brand?post=145"},{"taxonomy":"product_cat","embeddable":true,"href":"https:\/\/altitudo.com.br\/store\/wp-json\/wp\/v2\/product_cat?post=145"},{"taxonomy":"product_tag","embeddable":true,"href":"https:\/\/altitudo.com.br\/store\/wp-json\/wp\/v2\/product_tag?post=145"}],"curies":[{"name":"wp","href":"https:\/\/api.w.org\/{rel}","templated":true}]}}