{"id":152,"date":"2024-12-03T14:10:34","date_gmt":"2024-12-03T14:10:34","guid":{"rendered":"https:\/\/altitudo.com.br\/store\/?post_type=product&#038;p=152"},"modified":"2026-03-16T13:20:36","modified_gmt":"2026-03-16T13:20:36","slug":"switch-huawei-ekit-s110-16lp2sr","status":"publish","type":"product","link":"https:\/\/altitudo.com.br\/store\/produto\/switch-huawei-ekit-s110-16lp2sr\/","title":{"rendered":"Switch Huawei eKit S110-16LP2SR"},"content":{"rendered":"","protected":false},"excerpt":{"rendered":"<p>Os switches Ethernet da s\u00e9rie S100 da Huawei integram as fun\u00e7\u00f5es de acesso e transmiss\u00e3o para fornecer acesso confi\u00e1vel e transmiss\u00e3o de servi\u00e7os de alta qualidade em redes empresariais. Os switches s\u00e3o constru\u00eddos em uma plataforma de hardware integrada, e o sistema de hardware consiste no chassi, m\u00f3dulo de energia, m\u00f3dulo de ventilador e Unidade de Controle de Switch (SCU). O S110-16LP2SR possui 16 portas GE e 2 portas GE SFP.<\/p>\n","protected":false},"featured_media":526,"comment_status":"open","ping_status":"closed","template":"","meta":[],"product_brand":[],"product_cat":[30,133,106],"product_tag":[134,141],"class_list":{"0":"post-152","1":"product","2":"type-product","3":"status-publish","4":"has-post-thumbnail","6":"product_cat-conectividade","7":"product_cat-huawei","8":"product_cat-switch","9":"product_tag-huawei","10":"product_tag-switch","12":"first","13":"instock","14":"featured","15":"purchasable","16":"product-type-simple"},"_links":{"self":[{"href":"https:\/\/altitudo.com.br\/store\/wp-json\/wp\/v2\/product\/152","targetHints":{"allow":["GET"]}}],"collection":[{"href":"https:\/\/altitudo.com.br\/store\/wp-json\/wp\/v2\/product"}],"about":[{"href":"https:\/\/altitudo.com.br\/store\/wp-json\/wp\/v2\/types\/product"}],"replies":[{"embeddable":true,"href":"https:\/\/altitudo.com.br\/store\/wp-json\/wp\/v2\/comments?post=152"}],"wp:featuredmedia":[{"embeddable":true,"href":"https:\/\/altitudo.com.br\/store\/wp-json\/wp\/v2\/media\/526"}],"wp:attachment":[{"href":"https:\/\/altitudo.com.br\/store\/wp-json\/wp\/v2\/media?parent=152"}],"wp:term":[{"taxonomy":"product_brand","embeddable":true,"href":"https:\/\/altitudo.com.br\/store\/wp-json\/wp\/v2\/product_brand?post=152"},{"taxonomy":"product_cat","embeddable":true,"href":"https:\/\/altitudo.com.br\/store\/wp-json\/wp\/v2\/product_cat?post=152"},{"taxonomy":"product_tag","embeddable":true,"href":"https:\/\/altitudo.com.br\/store\/wp-json\/wp\/v2\/product_tag?post=152"}],"curies":[{"name":"wp","href":"https:\/\/api.w.org\/{rel}","templated":true}]}}