{"id":159,"date":"2024-12-03T14:12:51","date_gmt":"2024-12-03T14:12:51","guid":{"rendered":"https:\/\/altitudo.com.br\/store\/?post_type=product&#038;p=159"},"modified":"2024-12-13T14:36:48","modified_gmt":"2024-12-13T14:36:48","slug":"optixstar-huawei-ekit-f200d-8p","status":"publish","type":"product","link":"https:\/\/altitudo.com.br\/store\/produto\/optixstar-huawei-ekit-f200d-8p\/","title":{"rendered":"OptiXstar Huawei eKit F200D-8P"},"content":{"rendered":"","protected":false},"excerpt":{"rendered":"<p>O Huawei OptiXstar F200D-8P \u00e9 um equipamento de rede \u00f3tica (ONU) em formato de caixa que fornece servi\u00e7os de voz, dados e v\u00eddeo HD de alta qualidade para empresas e condom\u00ednios<\/p>\n","protected":false},"featured_media":518,"comment_status":"open","ping_status":"closed","template":"","meta":[],"product_brand":[],"product_cat":[30,133,108],"product_tag":[138,134,139],"class_list":{"0":"post-159","1":"product","2":"type-product","3":"status-publish","4":"has-post-thumbnail","6":"product_cat-conectividade","7":"product_cat-huawei","8":"product_cat-rede-otica","9":"product_tag-conectividade","10":"product_tag-huawei","11":"product_tag-rede-otica","13":"first","14":"instock","15":"featured","16":"purchasable","17":"product-type-simple"},"_links":{"self":[{"href":"https:\/\/altitudo.com.br\/store\/wp-json\/wp\/v2\/product\/159","targetHints":{"allow":["GET"]}}],"collection":[{"href":"https:\/\/altitudo.com.br\/store\/wp-json\/wp\/v2\/product"}],"about":[{"href":"https:\/\/altitudo.com.br\/store\/wp-json\/wp\/v2\/types\/product"}],"replies":[{"embeddable":true,"href":"https:\/\/altitudo.com.br\/store\/wp-json\/wp\/v2\/comments?post=159"}],"wp:featuredmedia":[{"embeddable":true,"href":"https:\/\/altitudo.com.br\/store\/wp-json\/wp\/v2\/media\/518"}],"wp:attachment":[{"href":"https:\/\/altitudo.com.br\/store\/wp-json\/wp\/v2\/media?parent=159"}],"wp:term":[{"taxonomy":"product_brand","embeddable":true,"href":"https:\/\/altitudo.com.br\/store\/wp-json\/wp\/v2\/product_brand?post=159"},{"taxonomy":"product_cat","embeddable":true,"href":"https:\/\/altitudo.com.br\/store\/wp-json\/wp\/v2\/product_cat?post=159"},{"taxonomy":"product_tag","embeddable":true,"href":"https:\/\/altitudo.com.br\/store\/wp-json\/wp\/v2\/product_tag?post=159"}],"curies":[{"name":"wp","href":"https:\/\/api.w.org\/{rel}","templated":true}]}}