{"id":182,"date":"2024-12-03T14:22:20","date_gmt":"2024-12-03T14:22:20","guid":{"rendered":"https:\/\/altitudo.com.br\/store\/?post_type=product&#038;p=182"},"modified":"2024-12-13T14:36:09","modified_gmt":"2024-12-13T14:36:09","slug":"gateway-huawei-ekit-s380-l4p1t","status":"publish","type":"product","link":"https:\/\/altitudo.com.br\/store\/produto\/gateway-huawei-ekit-s380-l4p1t\/","title":{"rendered":"Gateway Huawei eKit S380-L4P1T"},"content":{"rendered":"","protected":false},"excerpt":{"rendered":"<p>Gateway multi servi\u00e7os para utiliza\u00e7\u00e3o em mesa com 1 porta 1GE (WAN) e 4 portas 1GE (LAN) com PoE+ (50W). Com capacidade m\u00e1xima de 300 usu\u00e1rios ideal para uma empresa de pequeno porte que necessite de alimenta\u00e7\u00e3o PoE.<\/p>\n","protected":false},"featured_media":489,"comment_status":"open","ping_status":"closed","template":"","meta":[],"product_brand":[],"product_cat":[30,135,133],"product_tag":[136,134],"class_list":{"0":"post-182","1":"product","2":"type-product","3":"status-publish","4":"has-post-thumbnail","6":"product_cat-conectividade","7":"product_cat-gateway","8":"product_cat-huawei","9":"product_tag-gateway","10":"product_tag-huawei","12":"first","13":"instock","14":"featured","15":"purchasable","16":"product-type-simple"},"_links":{"self":[{"href":"https:\/\/altitudo.com.br\/store\/wp-json\/wp\/v2\/product\/182","targetHints":{"allow":["GET"]}}],"collection":[{"href":"https:\/\/altitudo.com.br\/store\/wp-json\/wp\/v2\/product"}],"about":[{"href":"https:\/\/altitudo.com.br\/store\/wp-json\/wp\/v2\/types\/product"}],"replies":[{"embeddable":true,"href":"https:\/\/altitudo.com.br\/store\/wp-json\/wp\/v2\/comments?post=182"}],"wp:featuredmedia":[{"embeddable":true,"href":"https:\/\/altitudo.com.br\/store\/wp-json\/wp\/v2\/media\/489"}],"wp:attachment":[{"href":"https:\/\/altitudo.com.br\/store\/wp-json\/wp\/v2\/media?parent=182"}],"wp:term":[{"taxonomy":"product_brand","embeddable":true,"href":"https:\/\/altitudo.com.br\/store\/wp-json\/wp\/v2\/product_brand?post=182"},{"taxonomy":"product_cat","embeddable":true,"href":"https:\/\/altitudo.com.br\/store\/wp-json\/wp\/v2\/product_cat?post=182"},{"taxonomy":"product_tag","embeddable":true,"href":"https:\/\/altitudo.com.br\/store\/wp-json\/wp\/v2\/product_tag?post=182"}],"curies":[{"name":"wp","href":"https:\/\/api.w.org\/{rel}","templated":true}]}}