{"id":200,"date":"2024-12-03T14:37:20","date_gmt":"2024-12-03T14:37:20","guid":{"rendered":"https:\/\/altitudo.com.br\/store\/?post_type=product&#038;p=200"},"modified":"2024-12-13T14:35:46","modified_gmt":"2024-12-13T14:35:46","slug":"acess-point-grandstream-gwn7660lr","status":"publish","type":"product","link":"https:\/\/altitudo.com.br\/store\/produto\/acess-point-grandstream-gwn7660lr\/","title":{"rendered":"Acess Point Grandstream GWN7660LR"},"content":{"rendered":"","protected":false},"excerpt":{"rendered":"<p>O GWN7660LR \u00e9 um ponto de acesso de Wi-Fi 6 802.11ax de longo alcance projetado para proporcionar cobertura de rede de \u00faltima gera\u00e7\u00e3o para ambientes internos e externos.<\/p>\n","protected":false},"featured_media":469,"comment_status":"open","ping_status":"closed","template":"","meta":[],"product_brand":[],"product_cat":[127,132,30],"product_tag":[128,130],"class_list":{"0":"post-200","1":"product","2":"type-product","3":"status-publish","4":"has-post-thumbnail","6":"product_cat-acess-point","7":"product_cat-grandstream","8":"product_cat-conectividade","9":"product_tag-acess-point","10":"product_tag-switches","12":"first","13":"instock","14":"featured","15":"shipping-taxable","16":"purchasable","17":"product-type-simple"},"_links":{"self":[{"href":"https:\/\/altitudo.com.br\/store\/wp-json\/wp\/v2\/product\/200","targetHints":{"allow":["GET"]}}],"collection":[{"href":"https:\/\/altitudo.com.br\/store\/wp-json\/wp\/v2\/product"}],"about":[{"href":"https:\/\/altitudo.com.br\/store\/wp-json\/wp\/v2\/types\/product"}],"replies":[{"embeddable":true,"href":"https:\/\/altitudo.com.br\/store\/wp-json\/wp\/v2\/comments?post=200"}],"wp:featuredmedia":[{"embeddable":true,"href":"https:\/\/altitudo.com.br\/store\/wp-json\/wp\/v2\/media\/469"}],"wp:attachment":[{"href":"https:\/\/altitudo.com.br\/store\/wp-json\/wp\/v2\/media?parent=200"}],"wp:term":[{"taxonomy":"product_brand","embeddable":true,"href":"https:\/\/altitudo.com.br\/store\/wp-json\/wp\/v2\/product_brand?post=200"},{"taxonomy":"product_cat","embeddable":true,"href":"https:\/\/altitudo.com.br\/store\/wp-json\/wp\/v2\/product_cat?post=200"},{"taxonomy":"product_tag","embeddable":true,"href":"https:\/\/altitudo.com.br\/store\/wp-json\/wp\/v2\/product_tag?post=200"}],"curies":[{"name":"wp","href":"https:\/\/api.w.org\/{rel}","templated":true}]}}