{"id":210,"date":"2024-12-03T14:45:45","date_gmt":"2024-12-03T14:45:45","guid":{"rendered":"https:\/\/altitudo.com.br\/store\/?post_type=product&#038;p=210"},"modified":"2024-12-13T14:35:35","modified_gmt":"2024-12-13T14:35:35","slug":"acess-point-grandstream-gwn7660-210","status":"publish","type":"product","link":"https:\/\/altitudo.com.br\/store\/produto\/acess-point-grandstream-gwn7660-210\/","title":{"rendered":"Acess Point Grandstream GWN7660"},"content":{"rendered":"","protected":false},"excerpt":{"rendered":"<p>O GWN7660 \u00e9 um ponto de acesso de Wi-Fi 6 802.11ax corporativo que permite \u00e0s empresas criar redes Wi-Fi de \u00faltima gera\u00e7\u00e3o para ambientes com alta densidade.<\/p>\n","protected":false},"featured_media":451,"comment_status":"open","ping_status":"closed","template":"","meta":[],"product_brand":[],"product_cat":[127,30,132],"product_tag":[128,129],"class_list":{"0":"post-210","1":"product","2":"type-product","3":"status-publish","4":"has-post-thumbnail","6":"product_cat-acess-point","7":"product_cat-conectividade","8":"product_cat-grandstream","9":"product_tag-acess-point","10":"product_tag-redes","12":"first","13":"instock","14":"featured","15":"purchasable","16":"product-type-simple"},"_links":{"self":[{"href":"https:\/\/altitudo.com.br\/store\/wp-json\/wp\/v2\/product\/210","targetHints":{"allow":["GET"]}}],"collection":[{"href":"https:\/\/altitudo.com.br\/store\/wp-json\/wp\/v2\/product"}],"about":[{"href":"https:\/\/altitudo.com.br\/store\/wp-json\/wp\/v2\/types\/product"}],"replies":[{"embeddable":true,"href":"https:\/\/altitudo.com.br\/store\/wp-json\/wp\/v2\/comments?post=210"}],"wp:featuredmedia":[{"embeddable":true,"href":"https:\/\/altitudo.com.br\/store\/wp-json\/wp\/v2\/media\/451"}],"wp:attachment":[{"href":"https:\/\/altitudo.com.br\/store\/wp-json\/wp\/v2\/media?parent=210"}],"wp:term":[{"taxonomy":"product_brand","embeddable":true,"href":"https:\/\/altitudo.com.br\/store\/wp-json\/wp\/v2\/product_brand?post=210"},{"taxonomy":"product_cat","embeddable":true,"href":"https:\/\/altitudo.com.br\/store\/wp-json\/wp\/v2\/product_cat?post=210"},{"taxonomy":"product_tag","embeddable":true,"href":"https:\/\/altitudo.com.br\/store\/wp-json\/wp\/v2\/product_tag?post=210"}],"curies":[{"name":"wp","href":"https:\/\/api.w.org\/{rel}","templated":true}]}}