{"id":678,"date":"2024-12-05T21:31:14","date_gmt":"2024-12-05T21:31:14","guid":{"rendered":"https:\/\/altitudo.com.br\/store\/?post_type=product&#038;p=678"},"modified":"2024-12-10T20:42:30","modified_gmt":"2024-12-10T20:42:30","slug":"switch-de-rede-tp-link-24p-tl-sf1024d","status":"publish","type":"product","link":"https:\/\/altitudo.com.br\/store\/produto\/switch-de-rede-tp-link-24p-tl-sf1024d\/","title":{"rendered":"Switch de rede TP-Link 24P &#8211; TL-SF1024D"},"content":{"rendered":"","protected":false},"excerpt":{"rendered":"<p>O Switch Fast Ethernet TL-SF1024D oferece uma alta performance, baixo custo, f\u00e1cil de usar, atualiza\u00e7\u00e3o cont\u00ednua e padronizada para melhorar a rede antiga de 1000Mbps. Todas as 24 portas suportam auto MDI \/ MDIX, n\u00e3o h\u00e1 necessidade de se preocupar com o tipo de cabo, simplesmente plug and play. Al\u00e9m disso, com a tecnologia de energia eficiente em termos de inova\u00e7\u00e3o, o TL-SF1024D pode economizar at\u00e9 75% * do consumo de energia e 80% do material de embalagem pode ser reciclado, tornando-se uma solu\u00e7\u00e3o ecol\u00f3gica para a rede de sua empresa.<\/p>\n","protected":false},"featured_media":682,"comment_status":"open","ping_status":"closed","template":"","meta":[],"product_brand":[],"product_cat":[30,222,106,184],"product_tag":[138,136,186],"class_list":{"0":"post-678","1":"product","2":"type-product","3":"status-publish","4":"has-post-thumbnail","6":"product_cat-conectividade","7":"product_cat-promocoes","8":"product_cat-switch","9":"product_cat-tp-link","10":"product_tag-conectividade","11":"product_tag-gateway","12":"product_tag-tp-link","14":"first","15":"instock","16":"sale","17":"featured","18":"purchasable","19":"product-type-simple"},"_links":{"self":[{"href":"https:\/\/altitudo.com.br\/store\/wp-json\/wp\/v2\/product\/678","targetHints":{"allow":["GET"]}}],"collection":[{"href":"https:\/\/altitudo.com.br\/store\/wp-json\/wp\/v2\/product"}],"about":[{"href":"https:\/\/altitudo.com.br\/store\/wp-json\/wp\/v2\/types\/product"}],"replies":[{"embeddable":true,"href":"https:\/\/altitudo.com.br\/store\/wp-json\/wp\/v2\/comments?post=678"}],"wp:featuredmedia":[{"embeddable":true,"href":"https:\/\/altitudo.com.br\/store\/wp-json\/wp\/v2\/media\/682"}],"wp:attachment":[{"href":"https:\/\/altitudo.com.br\/store\/wp-json\/wp\/v2\/media?parent=678"}],"wp:term":[{"taxonomy":"product_brand","embeddable":true,"href":"https:\/\/altitudo.com.br\/store\/wp-json\/wp\/v2\/product_brand?post=678"},{"taxonomy":"product_cat","embeddable":true,"href":"https:\/\/altitudo.com.br\/store\/wp-json\/wp\/v2\/product_cat?post=678"},{"taxonomy":"product_tag","embeddable":true,"href":"https:\/\/altitudo.com.br\/store\/wp-json\/wp\/v2\/product_tag?post=678"}],"curies":[{"name":"wp","href":"https:\/\/api.w.org\/{rel}","templated":true}]}}