{"id":773,"date":"2024-12-09T17:53:08","date_gmt":"2024-12-09T17:53:08","guid":{"rendered":"https:\/\/altitudo.com.br\/store\/?post_type=product&#038;p=773"},"modified":"2024-12-13T14:34:13","modified_gmt":"2024-12-13T14:34:13","slug":"switch-de-rede-grandstream-gwn7700p","status":"publish","type":"product","link":"https:\/\/altitudo.com.br\/store\/produto\/switch-de-rede-grandstream-gwn7700p\/","title":{"rendered":"Switch de rede Grandstream GWN7700P"},"content":{"rendered":"","protected":false},"excerpt":{"rendered":"<p>A s\u00e9rie GWN7700 da Grandstream consiste em switches n\u00e3o gerenci\u00e1veis que oferecem uma forma r\u00e1pida e econ\u00f4mica de proporcionar conectividade Gigabit de alta velocidade a home offices e pequenas e m\u00e9dias empresas.<\/p>\n","protected":false},"featured_media":776,"comment_status":"open","ping_status":"closed","template":"","meta":[],"product_brand":[],"product_cat":[132,106],"product_tag":[138,150,130],"class_list":{"0":"post-773","1":"product","2":"type-product","3":"status-publish","4":"has-post-thumbnail","6":"product_cat-grandstream","7":"product_cat-switch","8":"product_tag-conectividade","9":"product_tag-grandstream","10":"product_tag-switches","12":"first","13":"instock","14":"featured","15":"purchasable","16":"product-type-simple"},"_links":{"self":[{"href":"https:\/\/altitudo.com.br\/store\/wp-json\/wp\/v2\/product\/773","targetHints":{"allow":["GET"]}}],"collection":[{"href":"https:\/\/altitudo.com.br\/store\/wp-json\/wp\/v2\/product"}],"about":[{"href":"https:\/\/altitudo.com.br\/store\/wp-json\/wp\/v2\/types\/product"}],"replies":[{"embeddable":true,"href":"https:\/\/altitudo.com.br\/store\/wp-json\/wp\/v2\/comments?post=773"}],"wp:featuredmedia":[{"embeddable":true,"href":"https:\/\/altitudo.com.br\/store\/wp-json\/wp\/v2\/media\/776"}],"wp:attachment":[{"href":"https:\/\/altitudo.com.br\/store\/wp-json\/wp\/v2\/media?parent=773"}],"wp:term":[{"taxonomy":"product_brand","embeddable":true,"href":"https:\/\/altitudo.com.br\/store\/wp-json\/wp\/v2\/product_brand?post=773"},{"taxonomy":"product_cat","embeddable":true,"href":"https:\/\/altitudo.com.br\/store\/wp-json\/wp\/v2\/product_cat?post=773"},{"taxonomy":"product_tag","embeddable":true,"href":"https:\/\/altitudo.com.br\/store\/wp-json\/wp\/v2\/product_tag?post=773"}],"curies":[{"name":"wp","href":"https:\/\/api.w.org\/{rel}","templated":true}]}}