{"id":80,"date":"2024-12-04T09:19:18","date_gmt":"2024-12-04T09:19:18","guid":{"rendered":"https:\/\/altitudo.com.br\/store\/?post_type=product&#038;p=80"},"modified":"2024-12-13T14:35:09","modified_gmt":"2024-12-13T14:35:09","slug":"switch-de-rede-grandstream-gwn7700-80","status":"publish","type":"product","link":"https:\/\/altitudo.com.br\/store\/produto\/switch-de-rede-grandstream-gwn7700-80\/","title":{"rendered":"Switch de rede Grandstream GWN7700"},"content":{"rendered":"","protected":false},"excerpt":{"rendered":"<p>A s\u00e9rie GWN7700M s\u00e3o switches de rede multi-gigabit n\u00e3o gerenciados de 5 e 8 portas que fornecem conectividade de rede de alta velocidade de at\u00e9 2,5 Gbps para escrit\u00f3rios dom\u00e9sticos e pequenas e m\u00e9dias empresas<\/p>\n","protected":false},"featured_media":628,"comment_status":"open","ping_status":"closed","template":"","meta":[],"product_brand":[],"product_cat":[132,106],"product_tag":[138,150,130],"class_list":{"0":"post-80","1":"product","2":"type-product","3":"status-publish","4":"has-post-thumbnail","6":"product_cat-grandstream","7":"product_cat-switch","8":"product_tag-conectividade","9":"product_tag-grandstream","10":"product_tag-switches","12":"first","13":"instock","14":"featured","15":"purchasable","16":"product-type-simple"},"_links":{"self":[{"href":"https:\/\/altitudo.com.br\/store\/wp-json\/wp\/v2\/product\/80","targetHints":{"allow":["GET"]}}],"collection":[{"href":"https:\/\/altitudo.com.br\/store\/wp-json\/wp\/v2\/product"}],"about":[{"href":"https:\/\/altitudo.com.br\/store\/wp-json\/wp\/v2\/types\/product"}],"replies":[{"embeddable":true,"href":"https:\/\/altitudo.com.br\/store\/wp-json\/wp\/v2\/comments?post=80"}],"wp:featuredmedia":[{"embeddable":true,"href":"https:\/\/altitudo.com.br\/store\/wp-json\/wp\/v2\/media\/628"}],"wp:attachment":[{"href":"https:\/\/altitudo.com.br\/store\/wp-json\/wp\/v2\/media?parent=80"}],"wp:term":[{"taxonomy":"product_brand","embeddable":true,"href":"https:\/\/altitudo.com.br\/store\/wp-json\/wp\/v2\/product_brand?post=80"},{"taxonomy":"product_cat","embeddable":true,"href":"https:\/\/altitudo.com.br\/store\/wp-json\/wp\/v2\/product_cat?post=80"},{"taxonomy":"product_tag","embeddable":true,"href":"https:\/\/altitudo.com.br\/store\/wp-json\/wp\/v2\/product_tag?post=80"}],"curies":[{"name":"wp","href":"https:\/\/api.w.org\/{rel}","templated":true}]}}