{"id":816,"date":"2024-12-10T19:30:47","date_gmt":"2024-12-10T19:30:47","guid":{"rendered":"https:\/\/altitudo.com.br\/store\/?post_type=product&#038;p=816"},"modified":"2024-12-13T14:33:42","modified_gmt":"2024-12-13T14:33:42","slug":"telefone-ip-grandstream-grp2602g","status":"publish","type":"product","link":"https:\/\/altitudo.com.br\/store\/produto\/telefone-ip-grandstream-grp2602g\/","title":{"rendered":"Telefone IP Grandstream GRP2602G"},"content":{"rendered":"","protected":false},"excerpt":{"rendered":"<p>Parte da s\u00e9rie GRP de telefone IP para operadoras da Grandstream, o GRP2602 \u00e9 um modelo b\u00e1sico com 2 linhas projetado com provisionamento zero-touch para implementa\u00e7\u00e3o em massa e f\u00e1cil gerenciamento.<\/p>\n","protected":false},"featured_media":811,"comment_status":"open","ping_status":"closed","template":"","meta":[],"product_brand":[],"product_cat":[30,132,149],"product_tag":[138,150,151],"class_list":{"0":"post-816","1":"product","2":"type-product","3":"status-publish","4":"has-post-thumbnail","6":"product_cat-conectividade","7":"product_cat-grandstream","8":"product_cat-telefonia-ip","9":"product_tag-conectividade","10":"product_tag-grandstream","11":"product_tag-telefonia-ip","13":"first","14":"instock","15":"featured","16":"purchasable","17":"product-type-simple"},"_links":{"self":[{"href":"https:\/\/altitudo.com.br\/store\/wp-json\/wp\/v2\/product\/816","targetHints":{"allow":["GET"]}}],"collection":[{"href":"https:\/\/altitudo.com.br\/store\/wp-json\/wp\/v2\/product"}],"about":[{"href":"https:\/\/altitudo.com.br\/store\/wp-json\/wp\/v2\/types\/product"}],"replies":[{"embeddable":true,"href":"https:\/\/altitudo.com.br\/store\/wp-json\/wp\/v2\/comments?post=816"}],"wp:featuredmedia":[{"embeddable":true,"href":"https:\/\/altitudo.com.br\/store\/wp-json\/wp\/v2\/media\/811"}],"wp:attachment":[{"href":"https:\/\/altitudo.com.br\/store\/wp-json\/wp\/v2\/media?parent=816"}],"wp:term":[{"taxonomy":"product_brand","embeddable":true,"href":"https:\/\/altitudo.com.br\/store\/wp-json\/wp\/v2\/product_brand?post=816"},{"taxonomy":"product_cat","embeddable":true,"href":"https:\/\/altitudo.com.br\/store\/wp-json\/wp\/v2\/product_cat?post=816"},{"taxonomy":"product_tag","embeddable":true,"href":"https:\/\/altitudo.com.br\/store\/wp-json\/wp\/v2\/product_tag?post=816"}],"curies":[{"name":"wp","href":"https:\/\/api.w.org\/{rel}","templated":true}]}}