{"id":859,"date":"2024-12-11T17:32:20","date_gmt":"2024-12-11T17:32:20","guid":{"rendered":"https:\/\/altitudo.com.br\/store\/?post_type=product&#038;p=859"},"modified":"2024-12-11T19:19:31","modified_gmt":"2024-12-11T19:19:31","slug":"gbic-dell-ftlx8571d3bcl","status":"publish","type":"product","link":"https:\/\/altitudo.com.br\/store\/produto\/gbic-dell-ftlx8571d3bcl\/","title":{"rendered":"Gbic DELL FTLX8571D3BCL"},"content":{"rendered":"","protected":false},"excerpt":{"rendered":"<p>O transceptor SFP da Dell\u2122 proporciona conectividade por fibra para ampliar o alcance de sua rede. Este transceptor de conex\u00e3o autom\u00e1tica com \u00e1rea de ocupa\u00e7\u00e3o SFP (Small Form Factor Pluggable, Formato pequeno conect\u00e1vel) oferece conector 1000BASE-SX. O transceptor Dell Networking 1000BASE SFP oferece conectividade 1000BASE de at\u00e9 550 Metros<\/p>\n","protected":false},"featured_media":862,"comment_status":"open","ping_status":"closed","template":"","meta":[],"product_brand":[],"product_cat":[225,30,226,131,222],"product_tag":[138,150,151],"class_list":{"0":"post-859","1":"product","2":"type-product","3":"status-publish","4":"has-post-thumbnail","6":"product_cat-adaptadores-e-acessorios","7":"product_cat-conectividade","8":"product_cat-dell-marca","9":"product_cat-marca","10":"product_cat-promocoes","11":"product_tag-conectividade","12":"product_tag-grandstream","13":"product_tag-telefonia-ip","15":"first","16":"instock","17":"sale","18":"featured","19":"purchasable","20":"product-type-simple"},"_links":{"self":[{"href":"https:\/\/altitudo.com.br\/store\/wp-json\/wp\/v2\/product\/859","targetHints":{"allow":["GET"]}}],"collection":[{"href":"https:\/\/altitudo.com.br\/store\/wp-json\/wp\/v2\/product"}],"about":[{"href":"https:\/\/altitudo.com.br\/store\/wp-json\/wp\/v2\/types\/product"}],"replies":[{"embeddable":true,"href":"https:\/\/altitudo.com.br\/store\/wp-json\/wp\/v2\/comments?post=859"}],"wp:featuredmedia":[{"embeddable":true,"href":"https:\/\/altitudo.com.br\/store\/wp-json\/wp\/v2\/media\/862"}],"wp:attachment":[{"href":"https:\/\/altitudo.com.br\/store\/wp-json\/wp\/v2\/media?parent=859"}],"wp:term":[{"taxonomy":"product_brand","embeddable":true,"href":"https:\/\/altitudo.com.br\/store\/wp-json\/wp\/v2\/product_brand?post=859"},{"taxonomy":"product_cat","embeddable":true,"href":"https:\/\/altitudo.com.br\/store\/wp-json\/wp\/v2\/product_cat?post=859"},{"taxonomy":"product_tag","embeddable":true,"href":"https:\/\/altitudo.com.br\/store\/wp-json\/wp\/v2\/product_tag?post=859"}],"curies":[{"name":"wp","href":"https:\/\/api.w.org\/{rel}","templated":true}]}}