{"id":866,"date":"2024-12-11T18:50:23","date_gmt":"2024-12-11T18:50:23","guid":{"rendered":"https:\/\/altitudo.com.br\/store\/?post_type=product&#038;p=866"},"modified":"2024-12-11T19:20:01","modified_gmt":"2024-12-11T19:20:01","slug":"cabo-de-conexao-direta-sfp-para-sfp-cobre-10-gbe-1m","status":"publish","type":"product","link":"https:\/\/altitudo.com.br\/store\/produto\/cabo-de-conexao-direta-sfp-para-sfp-cobre-10-gbe-1m\/","title":{"rendered":"Cabo SFP+ para SFP10GbE 1M"},"content":{"rendered":"","protected":false},"excerpt":{"rendered":"<p>Este cabo Twinax de conex\u00e3o direta SFP de rede Dell fornece conectividade de 10 GbE at\u00e9 3 metros. Para uso em plataformas Dell qualificadas. N\u00ba de pe\u00e7a do fabricante: 4WM8D N\u00ba de pe\u00e7a da Dell: 470-AAVJ Compatibilidade Este produto \u00e9 compat\u00edvel com os seguintes sistemas: PowerEdge R430 PowerEdge R530 PowerEdge T430 Especifica\u00e7\u00f5es r\u00e1pidas Tipo Cabo biaxial Comprimento 3 m Conectores 1 x SFP &#8211; conectores macho (outro lado) 1 x SFP &#8211; macho Geral Tipo de Cabo de Rede Cabo biaxial Comprimento 3 m Conectores Conectores 1 x SFP &#8211; macho Conectores (Outro Lado) 1 x SFP &#8211; macho<\/p>\n","protected":false},"featured_media":867,"comment_status":"open","ping_status":"closed","template":"","meta":[],"product_brand":[],"product_cat":[225,30,226,131,222],"product_tag":[138,150,151],"class_list":{"0":"post-866","1":"product","2":"type-product","3":"status-publish","4":"has-post-thumbnail","6":"product_cat-adaptadores-e-acessorios","7":"product_cat-conectividade","8":"product_cat-dell-marca","9":"product_cat-marca","10":"product_cat-promocoes","11":"product_tag-conectividade","12":"product_tag-grandstream","13":"product_tag-telefonia-ip","15":"first","16":"instock","17":"sale","18":"featured","19":"purchasable","20":"product-type-simple"},"_links":{"self":[{"href":"https:\/\/altitudo.com.br\/store\/wp-json\/wp\/v2\/product\/866","targetHints":{"allow":["GET"]}}],"collection":[{"href":"https:\/\/altitudo.com.br\/store\/wp-json\/wp\/v2\/product"}],"about":[{"href":"https:\/\/altitudo.com.br\/store\/wp-json\/wp\/v2\/types\/product"}],"replies":[{"embeddable":true,"href":"https:\/\/altitudo.com.br\/store\/wp-json\/wp\/v2\/comments?post=866"}],"wp:featuredmedia":[{"embeddable":true,"href":"https:\/\/altitudo.com.br\/store\/wp-json\/wp\/v2\/media\/867"}],"wp:attachment":[{"href":"https:\/\/altitudo.com.br\/store\/wp-json\/wp\/v2\/media?parent=866"}],"wp:term":[{"taxonomy":"product_brand","embeddable":true,"href":"https:\/\/altitudo.com.br\/store\/wp-json\/wp\/v2\/product_brand?post=866"},{"taxonomy":"product_cat","embeddable":true,"href":"https:\/\/altitudo.com.br\/store\/wp-json\/wp\/v2\/product_cat?post=866"},{"taxonomy":"product_tag","embeddable":true,"href":"https:\/\/altitudo.com.br\/store\/wp-json\/wp\/v2\/product_tag?post=866"}],"curies":[{"name":"wp","href":"https:\/\/api.w.org\/{rel}","templated":true}]}}